{"id":57,"date":"2025-07-01T19:02:11","date_gmt":"2025-07-01T19:02:11","guid":{"rendered":"https:\/\/bskljubljana.si\/?page_id=57"},"modified":"2025-07-23T11:14:36","modified_gmt":"2025-07-23T09:14:36","slug":"o-klubu","status":"publish","type":"page","link":"https:\/\/bskljubljana.si\/en\/o-klubu\/","title":{"rendered":"About"},"content":{"rendered":"<!--themify_builder_content-->\n<div id=\"themify_builder_content-57\" data-postid=\"57\" class=\"themify_builder_content themify_builder_content-57 themify_builder tf_clear\">\n                    <div  data-lazy=\"1\" class=\"module_row themify_builder_row tb_togd543 tb_first tf_w\">\n                        <div class=\"row_inner col_align_top tb_col_count_2 tf_box tf_rel\">\n                        <div  data-lazy=\"1\" class=\"module_column tb-column col4-2 tb_4a2e543 first\">\n                    <!-- module text -->\n<div  class=\"module module-text tb_f77o930\" data-lazy=\"1\">\n        <div  class=\"tb_text_wrap\">\n        <h2>BSK Ljubljana<\/h2>\n<p>Baseball Softball Club Ljubljana is the largest and most active baseball and softball club in Slovenia. We have been operating since 2005 and were officially established in 2014. The club was founded by active baseball and softball players who wanted to create a quality, open, and inclusive environment for the development of these sports in Ljubljana.<\/p>\n<p>Our home field is located in Ljubljana behind Be\u017eigrad, at Tesovnikova Street 22, where regular trainings, competitions, and sports events for all generations take place.<\/p>\n<p>The club trains children and adults of all ages, from complete beginners to experienced players \u2013 no prior knowledge is required to join, but we also welcome everyone who already has experience with baseball or softball. In addition to regular training sessions, we organize school sports days, international camps, tournaments, and projects that offer participants more than just sports \u2013 an opportunity for exercise, new friendships, and personal growth.<\/p>\n<p>Our main goal is for sport to become something natural, enjoyable, and a lifelong experience. We want children and young people to love movement and stay connected to it throughout their lives \u2013 with joy, enthusiasm, and respect for the game.<\/p>\n<p>Everyone is welcome in our club \u2013 regardless of prior knowledge, physical abilities, or experience. And it\u2019s never too late to start: adults who would like to try baseball or softball for the first time \u2013 at 20, 30, 40, or even later \u2013 are warmly invited to join us.<\/p>    <\/div>\n<\/div>\n<!-- \/module text -->        <\/div>\n                    <div  data-lazy=\"1\" class=\"module_column tb-column col4-2 tb_fh1t822 last\">\n                    <!-- module gallery -->\n<div  class=\"module gallery module-gallery tb_7uox561 layout-grid\" data-lazy=\"1\">\n    <\/div>\n<!-- \/module gallery -->        <\/div>\n                        <\/div>\n        <\/div>\n        <\/div>\n<!--\/themify_builder_content-->","protected":false},"excerpt":{"rendered":"<p>BSK Ljubljana Baseball Softball Klub Ljubljana je najve\u010dji in najbolj aktiven baseball in softball klub v Sloveniji. Delujemo \u017ee od leta 2005, uradno pa smo ustanovljeni leta 2014. Klub smo ustanovili aktivni igralci baseballa in softballa, ki smo \u017eeleli ustvariti kakovostno, odprto in vklju\u010dujo\u010de okolje za razvoj teh \u0161portov v Ljubljani. Na\u0161e doma\u010de igri\u0161\u010de se [&hellip;]<\/p>","protected":false},"author":1,"featured_media":0,"parent":0,"menu_order":0,"comment_status":"closed","ping_status":"closed","template":"","meta":{"footnotes":""},"class_list":["post-57","page","type-page","status-publish","hentry","has-post-title","has-post-date","has-post-category","has-post-tag","has-post-comment","has-post-author",""],"builder_content":"<h2>BSK Ljubljana<\/h2> <p>Baseball Softball Klub Ljubljana je najve\u010dji in najbolj aktiven baseball in softball klub v Sloveniji. Delujemo \u017ee od leta 2005, uradno pa smo ustanovljeni leta 2014. Klub smo ustanovili aktivni igralci baseballa in softballa, ki smo \u017eeleli ustvariti kakovostno, odprto in vklju\u010dujo\u010de okolje za razvoj teh \u0161portov v Ljubljani.<\/p> <p>Na\u0161e doma\u010de igri\u0161\u010de se nahaja v Ljubljani za Be\u017eigradom, na Tesovnikovi ulici 22, kjer potekajo redni treningi, tekmovanja in \u0161portni dogodki za vse generacije.<\/p> <p>V klubu trenirajo otroci in odrasli vseh starosti, tako popolni za\u010detniki kot tudi izku\u0161eni igralci \u2013 za vstop v klub predznanje ni potrebno, veseli pa smo tudi vseh, ki \u017ee imajo izku\u0161nje z baseballom ali softballom. Poleg rednih treningov organiziramo \u0161olske \u0161portne dneve, mednarodne kampe, turnirje in projekte, ki udele\u017eencem ponujajo ve\u010d kot le \u0161port \u2013 prilo\u017enost za gibanje, nova prijateljstva in osebno rast.<\/p> <p>Na\u0161 glavni cilj je, da \u0161port postane nekaj naravnega, prijetnega in do\u017eivljenjskega. \u017delimo, da otroci in mladi vzljubijo gibanje ter ostanejo z njim povezani celo \u017eivljenje \u2013 z veseljem, navdu\u0161enjem in spo\u0161tovanjem do igre.<\/p> <p>V na\u0161 klub je dobrodo\u0161el prav vsak \u2013 ne glede na predznanje, telesne sposobnosti ali izku\u0161nje. In nikoli ni prepozno za za\u010detek: tudi odrasli, ki bi se radi prvi\u010d sre\u010dali z baseballom ali softballom \u2013 pri 20, 30, 40 ali \u0161e kasneje \u2013 so toplo vabljeni, da se nam pridru\u017eijo.<\/p>\n[gallery ids=\"117,122,121,119,118,120,23,125\"]","_links":{"self":[{"href":"https:\/\/bskljubljana.si\/en\/wp-json\/wp\/v2\/pages\/57","targetHints":{"allow":["GET"]}}],"collection":[{"href":"https:\/\/bskljubljana.si\/en\/wp-json\/wp\/v2\/pages"}],"about":[{"href":"https:\/\/bskljubljana.si\/en\/wp-json\/wp\/v2\/types\/page"}],"author":[{"embeddable":true,"href":"https:\/\/bskljubljana.si\/en\/wp-json\/wp\/v2\/users\/1"}],"replies":[{"embeddable":true,"href":"https:\/\/bskljubljana.si\/en\/wp-json\/wp\/v2\/comments?post=57"}],"version-history":[{"count":0,"href":"https:\/\/bskljubljana.si\/en\/wp-json\/wp\/v2\/pages\/57\/revisions"}],"wp:attachment":[{"href":"https:\/\/bskljubljana.si\/en\/wp-json\/wp\/v2\/media?parent=57"}],"curies":[{"name":"wp","href":"https:\/\/api.w.org\/{rel}","templated":true}]}}