{"id":59,"date":"2025-07-01T19:02:27","date_gmt":"2025-07-01T19:02:27","guid":{"rendered":"https:\/\/bskljubljana.si\/?page_id=59"},"modified":"2025-11-05T00:03:36","modified_gmt":"2025-11-04T23:03:36","slug":"novo","status":"publish","type":"page","link":"https:\/\/bskljubljana.si\/en\/novo\/","title":{"rendered":"News"},"content":{"rendered":"<!--themify_builder_content-->\n<div id=\"themify_builder_content-59\" data-postid=\"59\" class=\"themify_builder_content themify_builder_content-59 themify_builder tf_clear\">\n                    <div  data-lazy=\"1\" class=\"module_row themify_builder_row tb_cubs21 tb_first tf_w\">\n                        <div class=\"row_inner col_align_top tb_col_count_1 tf_box tf_rel\">\n                        <div  data-lazy=\"1\" class=\"module_column tb-column col-full tb_uhbj21 first\">\n                    <!-- module text -->\n<div  class=\"module module-text tb_vgo8160\" data-lazy=\"1\">\n        <div  class=\"tb_text_wrap\">\n        <h1>NOVICE<\/h1>    <\/div>\n<\/div>\n<!-- \/module text --><!-- module post -->\n<div  class=\"module module-post tb_cfj7998\">\n    <div  class=\"builder-posts-wrap loops-wrapper grid2 masonry tf_rel tf_clear tf_clearfix tb_ajax_pagination\" data-id=\"tb_cfj7998\" data-lazy=\"1\">\n    <article id=\"post-1508\" class=\"post tf_clearfix post-1508 type-post status-publish format-standard has-post-thumbnail hentry category-novice has-post-title has-post-date has-post-category has-post-tag has-post-comment has-post-author\">\n\t    \n\t                <figure class=\"post-image tf_clearfix\">\n                                                            <a href=\"https:\/\/bskljubljana.si\/en\/2026\/03\/23\/cetrti-wbi-turnir-v-novem-sadu\/\">\n                                        <img data-dominant-color=\"75763b\" data-has-transparency=\"false\" style=\"--dominant-color: #75763b;\" loading=\"lazy\" decoding=\"async\" width=\"2560\" height=\"1707\" src=\"https:\/\/bskljubljana.si\/wp-content\/uploads\/2026\/03\/DSC0359-scaled.avif\" class=\"wp-post-image wp-image-1543 not-transparent\" title=\"_DSC0359\" alt=\"_DSC0359\" srcset=\"https:\/\/bskljubljana.si\/wp-content\/uploads\/2026\/03\/DSC0359-scaled.avif 2560w, https:\/\/bskljubljana.si\/wp-content\/uploads\/2026\/03\/DSC0359-300x200.avif 300w, https:\/\/bskljubljana.si\/wp-content\/uploads\/2026\/03\/DSC0359-1024x683.avif 1024w, https:\/\/bskljubljana.si\/wp-content\/uploads\/2026\/03\/DSC0359-768x512.avif 768w, https:\/\/bskljubljana.si\/wp-content\/uploads\/2026\/03\/DSC0359-1536x1024.avif 1536w, https:\/\/bskljubljana.si\/wp-content\/uploads\/2026\/03\/DSC0359-2048x1365.avif 2048w, https:\/\/bskljubljana.si\/wp-content\/uploads\/2026\/03\/DSC0359-18x12.avif 18w, https:\/\/bskljubljana.si\/wp-content\/uploads\/2026\/03\/DSC0359-1024x683-449x300.avif 449w\" sizes=\"auto, (max-width: 2560px) 100vw, 2560px\" \/>                                                                    <\/a>\n                                                                <\/figure>\n                    \t<div class=\"post-content\">\n\t\t<div class=\"post-content-inner\">\n\n\t\t\t\t\t\t\t\t<div class=\"post-date-wrap post-date-inline\">\n\t\t<time class=\"post-date entry-date updated\" datetime=\"2026-03-23\">\n\t\t\t\t\t<span class=\"year\">March 23, 2026<\/span>\n\t\t\t\t<\/time>\n\t<\/div><!-- .post-date-wrap -->\n\t\t\t\t\n\t\t\t<h2 class=\"post-title entry-title\"><a href=\"https:\/\/bskljubljana.si\/en\/2026\/03\/23\/cetrti-wbi-turnir-v-novem-sadu\/\">\u010cetrti WBI turnir v Novem Sadu<\/a><\/h2>\n\t\t\t\t\t\t\t<p class=\"post-meta entry-meta\">\n\t\t\t\t\t\t\t\t\t\t\t<span class=\"post-author\"><span class=\"author vcard\"><a class=\"url fn n\" href=\"https:\/\/bskljubljana.si\/en\/author\/darjag\/\" rel=\"author\">Darja Grim\u0161i\u010d<\/a><\/span><\/span>\n\t\t\t\t\t\n\t\t\t\t\t<span class=\"post-category\"><a href=\"https:\/\/bskljubljana.si\/en\/category\/novice\/\" rel=\"tag\" class=\"term-novice\">News<\/a><\/span>\n\t\t\t\t\t\t\t\t\t\t\t\t\t\t\t\t\n\t\t\t\t\t        <span class=\"post-comment\">\n        <a href=\"https:\/\/bskljubljana.si\/en\/2026\/03\/23\/cetrti-wbi-turnir-v-novem-sadu\/#respond\">0<\/a><svg  class=\"tf_fa tf-fas-comment\" aria-hidden=\"true\"><use href=\"#tf-fas-comment\"><\/use><\/svg>        <\/span>\n        \t\t\t\t<\/p>\n\t\t\t\t<!-- \/post-meta -->\n\t\t\t\n\t\t\t\n\t\t\t        <div class=\"entry-content\">\n\n        \n            <p>\u010cetrti turnir WBI-zimske baseball Interlige smo odigrali v Novem Sadu.<\/p>\n\n                \n            \n        <\/div><!-- \/.entry-content -->\n        \n\t\t<\/div>\n\t\t<!-- \/.post-content-inner -->\n\t<\/div>\n\t<!-- \/.post-content -->\n\t\n<\/article>\n<!-- \/.post -->\n<article id=\"post-1386\" class=\"post tf_clearfix post-1386 type-post status-publish format-standard has-post-thumbnail hentry category-novice has-post-title has-post-date has-post-category has-post-tag has-post-comment has-post-author\">\n\t    \n\t                <figure class=\"post-image tf_clearfix\">\n                                                            <a href=\"https:\/\/bskljubljana.si\/en\/2026\/02\/18\/tretji-turnir-wbi-v-karlovcu\/\">\n                                        <img data-dominant-color=\"7d7360\" data-has-transparency=\"false\" style=\"--dominant-color: #7d7360;\" loading=\"lazy\" decoding=\"async\" width=\"2560\" height=\"1707\" src=\"https:\/\/bskljubljana.si\/wp-content\/uploads\/2026\/02\/DSC0661-scaled.avif\" class=\"wp-post-image wp-image-1388 not-transparent\" title=\"_DSC0661\" alt=\"_DSC0661\" srcset=\"https:\/\/bskljubljana.si\/wp-content\/uploads\/2026\/02\/DSC0661-scaled.avif 2560w, https:\/\/bskljubljana.si\/wp-content\/uploads\/2026\/02\/DSC0661-300x200.avif 300w, https:\/\/bskljubljana.si\/wp-content\/uploads\/2026\/02\/DSC0661-1024x683.avif 1024w, https:\/\/bskljubljana.si\/wp-content\/uploads\/2026\/02\/DSC0661-768x512.avif 768w, https:\/\/bskljubljana.si\/wp-content\/uploads\/2026\/02\/DSC0661-1536x1024.avif 1536w, https:\/\/bskljubljana.si\/wp-content\/uploads\/2026\/02\/DSC0661-2048x1365.avif 2048w, https:\/\/bskljubljana.si\/wp-content\/uploads\/2026\/02\/DSC0661-18x12.avif 18w, https:\/\/bskljubljana.si\/wp-content\/uploads\/2026\/02\/DSC0661-1024x683-449x300.avif 449w\" sizes=\"auto, (max-width: 2560px) 100vw, 2560px\" \/>                                                                    <\/a>\n                                                                <\/figure>\n                    \t<div class=\"post-content\">\n\t\t<div class=\"post-content-inner\">\n\n\t\t\t\t\t\t\t\t<div class=\"post-date-wrap post-date-inline\">\n\t\t<time class=\"post-date entry-date updated\" datetime=\"2026-02-18\">\n\t\t\t\t\t<span class=\"year\">February 18, 2026<\/span>\n\t\t\t\t<\/time>\n\t<\/div><!-- .post-date-wrap -->\n\t\t\t\t\n\t\t\t<h2 class=\"post-title entry-title\"><a href=\"https:\/\/bskljubljana.si\/en\/2026\/02\/18\/tretji-turnir-wbi-v-karlovcu\/\">Tretji turnir WBI v Karlovcu<\/a><\/h2>\n\t\t\t\t\t\t\t<p class=\"post-meta entry-meta\">\n\t\t\t\t\t\t\t\t\t\t\t<span class=\"post-author\"><span class=\"author vcard\"><a class=\"url fn n\" href=\"https:\/\/bskljubljana.si\/en\/author\/darjag\/\" rel=\"author\">Darja Grim\u0161i\u010d<\/a><\/span><\/span>\n\t\t\t\t\t\n\t\t\t\t\t<span class=\"post-category\"><a href=\"https:\/\/bskljubljana.si\/en\/category\/novice\/\" rel=\"tag\" class=\"term-novice\">News<\/a><\/span>\n\t\t\t\t\t\t\t\t\t\t\t\t\t\t\t\t\n\t\t\t\t\t        <span class=\"post-comment\">\n        <a href=\"https:\/\/bskljubljana.si\/en\/2026\/02\/18\/tretji-turnir-wbi-v-karlovcu\/#respond\">0<\/a><svg  class=\"tf_fa tf-fas-comment\" aria-hidden=\"true\"><use href=\"#tf-fas-comment\"><\/use><\/svg>        <\/span>\n        \t\t\t\t<\/p>\n\t\t\t\t<!-- \/post-meta -->\n\t\t\t\n\t\t\t\n\t\t\t        <div class=\"entry-content\">\n\n        \n            <p>\u017de tretji turnir WBI je za nami. Tokrat je turnir potekal v Karlovcu, Hrva\u0161ka.<\/p>\n\n                \n            \n        <\/div><!-- \/.entry-content -->\n        \n\t\t<\/div>\n\t\t<!-- \/.post-content-inner -->\n\t<\/div>\n\t<!-- \/.post-content -->\n\t\n<\/article>\n<!-- \/.post -->\n<article id=\"post-1285\" class=\"post tf_clearfix post-1285 type-post status-publish format-standard has-post-thumbnail hentry category-novice has-post-title has-post-date has-post-category has-post-tag has-post-comment has-post-author\">\n\t    \n\t                <figure class=\"post-image tf_clearfix\">\n                                                            <a href=\"https:\/\/bskljubljana.si\/en\/2026\/01\/22\/izobrazevanje-za-trenerje-v-karlovcu\/\">\n                                        <img data-dominant-color=\"5f554b\" data-has-transparency=\"false\" style=\"--dominant-color: #5f554b;\" loading=\"lazy\" decoding=\"async\" width=\"2560\" height=\"1707\" src=\"https:\/\/bskljubljana.si\/wp-content\/uploads\/2026\/01\/1N3A5542-scaled.avif\" class=\"wp-post-image wp-image-1296 not-transparent\" title=\"1N3A5542\" alt=\"1N3A5542\" srcset=\"https:\/\/bskljubljana.si\/wp-content\/uploads\/2026\/01\/1N3A5542-scaled.avif 2560w, https:\/\/bskljubljana.si\/wp-content\/uploads\/2026\/01\/1N3A5542-300x200.avif 300w, https:\/\/bskljubljana.si\/wp-content\/uploads\/2026\/01\/1N3A5542-1024x683.avif 1024w, https:\/\/bskljubljana.si\/wp-content\/uploads\/2026\/01\/1N3A5542-768x512.avif 768w, https:\/\/bskljubljana.si\/wp-content\/uploads\/2026\/01\/1N3A5542-1536x1024.avif 1536w, https:\/\/bskljubljana.si\/wp-content\/uploads\/2026\/01\/1N3A5542-2048x1365.avif 2048w, https:\/\/bskljubljana.si\/wp-content\/uploads\/2026\/01\/1N3A5542-18x12.avif 18w, https:\/\/bskljubljana.si\/wp-content\/uploads\/2026\/01\/1N3A5542-1024x683-449x300.avif 449w\" sizes=\"auto, (max-width: 2560px) 100vw, 2560px\" \/>                                                                    <\/a>\n                                                                <\/figure>\n                    \t<div class=\"post-content\">\n\t\t<div class=\"post-content-inner\">\n\n\t\t\t\t\t\t\t\t<div class=\"post-date-wrap post-date-inline\">\n\t\t<time class=\"post-date entry-date updated\" datetime=\"2026-01-22\">\n\t\t\t\t\t<span class=\"year\">January 22, 2026<\/span>\n\t\t\t\t<\/time>\n\t<\/div><!-- .post-date-wrap -->\n\t\t\t\t\n\t\t\t<h2 class=\"post-title entry-title\"><a href=\"https:\/\/bskljubljana.si\/en\/2026\/01\/22\/izobrazevanje-za-trenerje-v-karlovcu\/\">Izobra\u017eevanje za trenerje v Karlovcu<\/a><\/h2>\n\t\t\t\t\t\t\t<p class=\"post-meta entry-meta\">\n\t\t\t\t\t\t\t\t\t\t\t<span class=\"post-author\"><span class=\"author vcard\"><a class=\"url fn n\" href=\"https:\/\/bskljubljana.si\/en\/author\/darjag\/\" rel=\"author\">Darja Grim\u0161i\u010d<\/a><\/span><\/span>\n\t\t\t\t\t\n\t\t\t\t\t<span class=\"post-category\"><a href=\"https:\/\/bskljubljana.si\/en\/category\/novice\/\" rel=\"tag\" class=\"term-novice\">News<\/a><\/span>\n\t\t\t\t\t\t\t\t\t\t\t\t\t\t\t\t\n\t\t\t\t\t        <span class=\"post-comment\">\n        <a href=\"https:\/\/bskljubljana.si\/en\/2026\/01\/22\/izobrazevanje-za-trenerje-v-karlovcu\/#respond\">0<\/a><svg  class=\"tf_fa tf-fas-comment\" aria-hidden=\"true\"><use href=\"#tf-fas-comment\"><\/use><\/svg>        <\/span>\n        \t\t\t\t<\/p>\n\t\t\t\t<!-- \/post-meta -->\n\t\t\t\n\t\t\t\n\t\t\t        <div class=\"entry-content\">\n\n        \n            <p>Vabilo na strokovno izobra\u017eevanje. V Karlovcu bosta to nedeljo 25.1.2026 brezpla\u010dni delavnici za trenerje: Psiholo\u0161ka priprava trenerjev in videoanaliza odbijanja. Vstop je prost.<\/p>\n\n                \n            \n        <\/div><!-- \/.entry-content -->\n        \n\t\t<\/div>\n\t\t<!-- \/.post-content-inner -->\n\t<\/div>\n\t<!-- \/.post-content -->\n\t\n<\/article>\n<!-- \/.post -->\n<article id=\"post-1185\" class=\"post tf_clearfix post-1185 type-post status-publish format-standard has-post-thumbnail hentry category-novice has-post-title has-post-date has-post-category has-post-tag has-post-comment has-post-author\">\n\t    \n\t                <figure class=\"post-image tf_clearfix\">\n                                                            <a href=\"https:\/\/bskljubljana.si\/en\/2026\/01\/20\/drugi-baseball-turnir-wbi-v-zagrebu\/\">\n                                        <img data-dominant-color=\"375b79\" data-has-transparency=\"true\" style=\"--dominant-color: #375b79;\" loading=\"lazy\" decoding=\"async\" width=\"2000\" height=\"955\" src=\"https:\/\/bskljubljana.si\/wp-content\/uploads\/2026\/01\/wbi-logo.avif\" class=\"wp-post-image wp-image-1155 has-transparency\" title=\"wbi logo\" alt=\"wbi logo\" srcset=\"https:\/\/bskljubljana.si\/wp-content\/uploads\/2026\/01\/wbi-logo.avif 2000w, https:\/\/bskljubljana.si\/wp-content\/uploads\/2026\/01\/wbi-logo-300x143.avif 300w, https:\/\/bskljubljana.si\/wp-content\/uploads\/2026\/01\/wbi-logo-1024x489.avif 1024w, https:\/\/bskljubljana.si\/wp-content\/uploads\/2026\/01\/wbi-logo-768x367.avif 768w, https:\/\/bskljubljana.si\/wp-content\/uploads\/2026\/01\/wbi-logo-1536x733.avif 1536w, https:\/\/bskljubljana.si\/wp-content\/uploads\/2026\/01\/wbi-logo-18x9.avif 18w, https:\/\/bskljubljana.si\/wp-content\/uploads\/2026\/01\/wbi-logo-1024x489-628x300.avif 628w\" sizes=\"auto, (max-width: 2000px) 100vw, 2000px\" \/>                                                                    <\/a>\n                                                                <\/figure>\n                    \t<div class=\"post-content\">\n\t\t<div class=\"post-content-inner\">\n\n\t\t\t\t\t\t\t\t<div class=\"post-date-wrap post-date-inline\">\n\t\t<time class=\"post-date entry-date updated\" datetime=\"2026-01-20\">\n\t\t\t\t\t<span class=\"year\">January 20, 2026<\/span>\n\t\t\t\t<\/time>\n\t<\/div><!-- .post-date-wrap -->\n\t\t\t\t\n\t\t\t<h2 class=\"post-title entry-title\"><a href=\"https:\/\/bskljubljana.si\/en\/2026\/01\/20\/drugi-baseball-turnir-wbi-v-zagrebu\/\">Drugi baseball turnir WBI v Zagrebu<\/a><\/h2>\n\t\t\t\t\t\t\t<p class=\"post-meta entry-meta\">\n\t\t\t\t\t\t\t\t\t\t\t<span class=\"post-author\"><span class=\"author vcard\"><a class=\"url fn n\" href=\"https:\/\/bskljubljana.si\/en\/author\/darjag\/\" rel=\"author\">Darja Grim\u0161i\u010d<\/a><\/span><\/span>\n\t\t\t\t\t\n\t\t\t\t\t<span class=\"post-category\"><a href=\"https:\/\/bskljubljana.si\/en\/category\/novice\/\" rel=\"tag\" class=\"term-novice\">News<\/a><\/span>\n\t\t\t\t\t\t\t\t\t\t\t\t\t\t\t\t\n\t\t\t\t\t        <span class=\"post-comment\">\n        <a href=\"https:\/\/bskljubljana.si\/en\/2026\/01\/20\/drugi-baseball-turnir-wbi-v-zagrebu\/#respond\">0<\/a><svg  class=\"tf_fa tf-fas-comment\" aria-hidden=\"true\"><use href=\"#tf-fas-comment\"><\/use><\/svg>        <\/span>\n        \t\t\t\t<\/p>\n\t\t\t\t<!-- \/post-meta -->\n\t\t\t\n\t\t\t\n\t\t\t        <div class=\"entry-content\">\n\n        \n            <p>Winter Baseball Interleague-WBI v zasne\u017eenem Zagrebu. Drugi turnir WBI je pod okriljem BK Blue wolves potekal v Zagrebu. Ponovno smo lahko u\u017eivali v odli\u010dnih tekmah.<\/p>\n\n                \n            \n        <\/div><!-- \/.entry-content -->\n        \n\t\t<\/div>\n\t\t<!-- \/.post-content-inner -->\n\t<\/div>\n\t<!-- \/.post-content -->\n\t\n<\/article>\n<!-- \/.post -->\n    <\/div><!-- .builder-posts-wrap -->\n                                    <p class=\"tf_load_more tf_textc tf_clear\"><a data-id=\"tb_cfj7998\" href=\"https:\/\/bskljubljana.si\/en\/wp-json\/wp\/v2\/pages\/59\/page\/2\/\" data-page=\"1\" class=\"load-more-button\">Load More<\/a><\/p>                <\/div>\n<!-- \/module post -->\n            <\/div>\n                        <\/div>\n        <\/div>\n                        <div  data-lazy=\"1\" class=\"module_row themify_builder_row tb_tqoq931 tf_w\">\n                        <div class=\"row_inner col_align_top tb_col_count_1 tf_box tf_rel\">\n                        <div  data-lazy=\"1\" class=\"module_column tb-column col-full tb_zaxq931 first\">\n                    <!-- module contact -->\n<div  id=\"tb_vqn8931\" class=\"module module-contact tb_vqn8931 contact-animated-label\" data-lazy=\"1\">\n    <h3 class=\"module-title\">Kontaktirajte nas<\/h3>\n\t<form class=\"builder-contact\"\n\t\tid=\"tb_vqn8931-form\"\n\t\tmethod=\"post\"\n\t\tdata-post-id=\"59\"\n\t\tdata-element-id=\"vqn8931\"\n\t\tdata-orig-id=\"59\" action=\"\"\n\t>\n    <div class=\"contact-message\"><\/div>\n\t<div class=\"builder-contact-fields tf_rel\">\n\t\t    \t\t    <div class=\"builder-contact-field builder-contact-field-name builder-contact-text-field\">\n\t\t\t    <label class=\"control-label\" for=\"tb_vqn8931-contact-name\">\n\t\t\t\t\t\t\t\t\t\t<span class=\"tb-label-span\">Name <\/span><span class=\"required\">*<\/span>\t\t\t\t<\/label>\n\t\t\t    <div class=\"control-input tf_rel\">\n\t\t\t\t    \t\t\t\t\t    <input type=\"text\" name=\"contact-name\" placeholder=\" \" id=\"tb_vqn8931-contact-name\" value=\"\" class=\"form-control\" required>\n\t\t\t\t    \t\t\t\t    \t\t\t\t\t    <span class=\"tb_contact_label\">\n\t\t\t\t\t\t    <span class=\"tb-label-span\">Name <\/span><span class=\"required\">*<\/span>\t\t\t\t\t    <\/span>\n\t\t\t\t    \t\t\t    <\/div>\n\t\t<\/div>\n\t    \n\t\t    \t\t    <div class=\"builder-contact-field builder-contact-field-email builder-contact-text-field\">\n\t\t\t    <label class=\"control-label\" for=\"tb_vqn8931-contact-email\">\n\t\t\t\t\t\t\t\t\t\t<span class=\"tb-label-span\">E-mail <\/span><span class=\"required\">*<\/span>\t\t\t\t<\/label>\n\t\t\t    <div class=\"control-input tf_rel\">\n\t\t\t\t    \t\t\t\t\t    <input type=\"email\" name=\"contact-email\" placeholder=\" \" id=\"tb_vqn8931-contact-email\" value=\"\" class=\"form-control\" required>\n\t\t\t\t    \t\t\t\t    \t\t\t\t\t    <span class=\"tb_contact_label\">\n\t\t\t\t\t\t    <span class=\"tb-label-span\">E-mail <\/span><span class=\"required\">*<\/span>\t\t\t\t\t    <\/span>\n\t\t\t\t    \t\t\t    <\/div>\n\t\t<\/div>\n\t    \n\t\t    \t\t    <div class=\"builder-contact-field builder-contact-field-subject builder-contact-text-field\">\n\t\t\t    <label class=\"control-label\" for=\"tb_vqn8931-contact-subject\">\n\t\t\t\t\t\t\t\t\t\t<span class=\"tb-label-span\">Subject <\/span><span class=\"required\">*<\/span>\t\t\t\t<\/label>\n\t\t\t    <div class=\"control-input tf_rel\">\n\t\t\t\t    \t\t\t\t\t    <input type=\"text\" name=\"contact-subject\" placeholder=\" \" id=\"tb_vqn8931-contact-subject\" value=\"\" class=\"form-control\" required>\n\t\t\t\t    \t\t\t\t    \t\t\t\t\t    <span class=\"tb_contact_label\">\n\t\t\t\t\t\t    <span class=\"tb-label-span\">Subject <\/span><span class=\"required\">*<\/span>\t\t\t\t\t    <\/span>\n\t\t\t\t    \t\t\t    <\/div>\n\t\t<\/div>\n\t    \n\t\t    \t\t    <div class=\"builder-contact-field builder-contact-field-message builder-contact-textarea-field\">\n\t\t\t    <label class=\"control-label\" for=\"tb_vqn8931-contact-message\">\n\t\t\t\t\t\t\t\t\t\t<span class=\"tb-label-span\">Message <\/span>\t\t\t\t<\/label>\n\t\t\t    <div class=\"control-input tf_rel\">\n\t\t\t\t    \t\t\t\t\t    <textarea name=\"contact-message\" placeholder=\" \" id=\"tb_vqn8931-contact-message\" class=\"form-control\"><\/textarea>\n\t\t\t\t    \t\t\t\t    \t\t\t\t\t    <span class=\"tb_contact_label\">\n\t\t\t\t\t\t    <span class=\"tb-label-span\">Message <\/span>\t\t\t\t\t    <\/span>\n\t\t\t\t    \t\t\t    <\/div>\n\t\t<\/div>\n\t    \n\t\t    \t\t\n\t\t\n\t    \n\t    <div class=\"builder-contact-field builder-contact-field-send control-input tf_textl tf_clear tf_rel\">\n\t\t\t<button type=\"submit\" class=\"btn btn-primary\">\n\t\t\t\t<span class=\"tf_loader\"><\/span>\t\t\t\t<span class=\"tf_submit_icon\"><svg  class=\"tf_fa tf-ti-email\" aria-hidden=\"true\"><use href=\"#tf-ti-email\"><\/use><\/svg><\/span> \n\t\t\t\tSend\t\t\t<\/button>\n\t    <\/div>\n\t<\/div>\n    <input type=\"hidden\" name=\"trp-form-language\" value=\"en\"\/><\/form>\n    <\/div>\n<!-- \/module contact -->\n        <\/div>\n                        <\/div>\n        <\/div>\n        <\/div>\n<!--\/themify_builder_content-->","protected":false},"excerpt":{"rendered":"<p>NOVICE<\/p>","protected":false},"author":1,"featured_media":0,"parent":0,"menu_order":0,"comment_status":"closed","ping_status":"closed","template":"","meta":{"footnotes":""},"class_list":["post-59","page","type-page","status-publish","hentry","has-post-title","has-post-date","has-post-category","has-post-tag","has-post-comment","has-post-author",""],"builder_content":"<h1>NOVICE<\/h1>\n<h3>Kontaktirajte nas<\/h3> <form id=\"tb_vqn8931-form\" method=\"post\" data-post-id=\"0\" data-element-id=\"vqn8931\" data-orig-id=\"59\" > <label for=\"tb_vqn8931-contact-name\"> Ime * <\/label> <input type=\"text\" name=\"contact-name\" placeholder=\" \" id=\"tb_vqn8931-contact-name\" value=\"\" required> Ime * <label for=\"tb_vqn8931-contact-email\"> E-mail * <\/label> <input type=\"email\" name=\"contact-email\" placeholder=\" \" id=\"tb_vqn8931-contact-email\" value=\"\" required> E-mail * <label for=\"tb_vqn8931-contact-subject\"> Zadeva * <\/label> <input type=\"text\" name=\"contact-subject\" placeholder=\" \" id=\"tb_vqn8931-contact-subject\" value=\"\" required> Zadeva * <label for=\"tb_vqn8931-contact-message\"> Sporo\u010dilo <\/label> <textarea name=\"contact-message\" placeholder=\" \" id=\"tb_vqn8931-contact-message\"><\/textarea> Sporo\u010dilo <button type=\"submit\"> <svg aria-hidden=\"true\"><use href=\"#tf-ti-email\"><\/use><\/svg> Po\u0161lji <\/button> <\/form>","_links":{"self":[{"href":"https:\/\/bskljubljana.si\/en\/wp-json\/wp\/v2\/pages\/59","targetHints":{"allow":["GET"]}}],"collection":[{"href":"https:\/\/bskljubljana.si\/en\/wp-json\/wp\/v2\/pages"}],"about":[{"href":"https:\/\/bskljubljana.si\/en\/wp-json\/wp\/v2\/types\/page"}],"author":[{"embeddable":true,"href":"https:\/\/bskljubljana.si\/en\/wp-json\/wp\/v2\/users\/1"}],"replies":[{"embeddable":true,"href":"https:\/\/bskljubljana.si\/en\/wp-json\/wp\/v2\/comments?post=59"}],"version-history":[{"count":0,"href":"https:\/\/bskljubljana.si\/en\/wp-json\/wp\/v2\/pages\/59\/revisions"}],"wp:attachment":[{"href":"https:\/\/bskljubljana.si\/en\/wp-json\/wp\/v2\/media?parent=59"}],"curies":[{"name":"wp","href":"https:\/\/api.w.org\/{rel}","templated":true}]}}