{"id":69,"date":"2025-07-01T19:04:14","date_gmt":"2025-07-01T19:04:14","guid":{"rendered":"https:\/\/bskljubljana.si\/?page_id=69"},"modified":"2025-08-25T18:41:01","modified_gmt":"2025-08-25T16:41:01","slug":"trenerji","status":"publish","type":"page","link":"https:\/\/bskljubljana.si\/en\/trenerji\/","title":{"rendered":"Trenerji"},"content":{"rendered":"<!--themify_builder_content-->\n<div id=\"themify_builder_content-69\" data-postid=\"69\" class=\"themify_builder_content themify_builder_content-69 themify_builder tf_clear\">\n                    <div  data-lazy=\"1\" class=\"module_row themify_builder_row tb_cfnr360 tb_first tf_w\">\n                        <div class=\"row_inner col_align_top tb_col_count_1 tf_box tf_rel\">\n                        <div  data-lazy=\"1\" class=\"module_column tb-column col-full tb_zh2w360 first\">\n                    <!-- module text -->\n<div  class=\"module module-text tb_he9s141\" data-lazy=\"1\">\n        <div  class=\"tb_text_wrap\">\n        <h2>TRENERJI<\/h2>\n<p>V BSK Ljubljana verjamemo, da vrhunski \u0161portni razvoj temelji na kakovostnem in predanem trenerskem kadru. Na\u0161a ekipa zdru\u017euje dolgoletne izku\u0161nje, strokovno znanje ter ljubezen do baseballa in softballa. Skupaj ustvarjamo okolje, kjer se vsak igralec lahko razvija, raste in u\u017eiva v \u0161portu.<\/p>    <\/div>\n<\/div>\n<!-- \/module text -->        <\/div>\n                        <\/div>\n        <\/div>\n                        <div  data-lazy=\"1\" class=\"module_row themify_builder_row tb_933w927 tf_w\">\n                        <div class=\"row_inner col_align_top tb_col_count_2 tf_box tf_rel\">\n                        <div  data-lazy=\"1\" class=\"module_column tb-column col4-2 tb_i7fy927 first\">\n                    <!-- module image -->\n<div  class=\"module module-image tb_2csl954 image-center   tf_mw\" data-lazy=\"1\">\n        <div class=\"image-wrap tf_rel tf_mw\">\n            <img data-dominant-color=\"897e58\" data-has-transparency=\"false\" style=\"--dominant-color: #897e58;\" loading=\"lazy\" decoding=\"async\" src=\"https:\/\/bskljubljana.si\/wp-content\/uploads\/2025\/08\/Darja-1024x1024-300x300.avif\" width=\"300\" height=\"300\" class=\"wp-post-image wp-image-437 not-transparent\" title=\"Darja\" alt=\"Darja\" srcset=\"https:\/\/bskljubljana.si\/wp-content\/uploads\/2025\/08\/Darja-1024x1024-300x300.avif 300w, https:\/\/bskljubljana.si\/wp-content\/uploads\/2025\/08\/Darja-1024x1024.avif 1024w, https:\/\/bskljubljana.si\/wp-content\/uploads\/2025\/08\/Darja-150x150.avif 150w, https:\/\/bskljubljana.si\/wp-content\/uploads\/2025\/08\/Darja-768x768.avif 768w, https:\/\/bskljubljana.si\/wp-content\/uploads\/2025\/08\/Darja-1536x1536.avif 1536w, https:\/\/bskljubljana.si\/wp-content\/uploads\/2025\/08\/Darja-12x12.avif 12w, https:\/\/bskljubljana.si\/wp-content\/uploads\/2025\/08\/Darja.avif 1682w\" sizes=\"auto, (max-width: 300px) 100vw, 300px\" \/>    \n        <\/div>\n    <!-- \/image-wrap -->\n    \n        <\/div>\n<!-- \/module image -->        <\/div>\n                    <div  data-lazy=\"1\" class=\"module_column tb-column col4-2 tb_gaqr927 last\">\n                    <!-- module text -->\n<div  class=\"module module-text tb_f811963\" data-lazy=\"1\">\n        <div  class=\"tb_text_wrap\">\n        <h4 style=\"text-align: left;\">Darja Grim\u0161i\u010d<\/h4>\n<p>Vodja trenerjev<br>Trenerka ekip: Baseball \u010dlani, U12, U18, Softball \u010dlani<br>Izobrazba: Dipl. ekonomistka. <br>Strokovni delavec v \u0161portu \u2013 trenerka baseballa in softballa<br>Trenersko delo opravlja neprekinjeno od leta 2005.<br>Darja je gonilna sila na\u0161ega kluba in dolgoletna vodja trenerskega kadra. Njena energija, znanje in izku\u0161nje pomembno vplivajo na razvoj vseh generacij igralcev in igralk v BSK Ljubljana.<\/p>    <\/div>\n<\/div>\n<!-- \/module text -->        <\/div>\n                        <\/div>\n        <\/div>\n                        <div  data-lazy=\"1\" class=\"module_row themify_builder_row tb_u6jj928 tf_w\">\n                        <div class=\"row_inner col_align_top tb_col_count_2 tf_box tf_rel\">\n                        <div  data-lazy=\"1\" class=\"module_column tb-column col4-2 tb_cznk928 first\">\n                    <!-- module image -->\n<div  class=\"module module-image tb_05uy199 image-center   tf_mw\" data-lazy=\"1\">\n        <div class=\"image-wrap tf_rel tf_mw\">\n            <img data-dominant-color=\"605e4d\" data-has-transparency=\"false\" style=\"--dominant-color: #605e4d;\" loading=\"lazy\" decoding=\"async\" src=\"https:\/\/bskljubljana.si\/wp-content\/uploads\/2025\/08\/Jaka-1024x1024-300x300.avif\" width=\"300\" height=\"300\" class=\"wp-post-image wp-image-438 not-transparent\" title=\"Jaka\" alt=\"Jaka\" srcset=\"https:\/\/bskljubljana.si\/wp-content\/uploads\/2025\/08\/Jaka-1024x1024-300x300.avif 300w, https:\/\/bskljubljana.si\/wp-content\/uploads\/2025\/08\/Jaka-1024x1024.avif 1024w, https:\/\/bskljubljana.si\/wp-content\/uploads\/2025\/08\/Jaka-150x150.avif 150w, https:\/\/bskljubljana.si\/wp-content\/uploads\/2025\/08\/Jaka-768x768.avif 768w, https:\/\/bskljubljana.si\/wp-content\/uploads\/2025\/08\/Jaka-1536x1536.avif 1536w, https:\/\/bskljubljana.si\/wp-content\/uploads\/2025\/08\/Jaka-12x12.avif 12w, https:\/\/bskljubljana.si\/wp-content\/uploads\/2025\/08\/Jaka.avif 1682w\" sizes=\"auto, (max-width: 300px) 100vw, 300px\" \/>    \n        <\/div>\n    <!-- \/image-wrap -->\n    \n        <\/div>\n<!-- \/module image -->        <\/div>\n                    <div  data-lazy=\"1\" class=\"module_column tb-column col4-2 tb_0my4929 last\">\n                    <!-- module text -->\n<div  class=\"module module-text tb_rxia383\" data-lazy=\"1\">\n        <div  class=\"tb_text_wrap\">\n        <h4>Jaka Veselinovi\u010d<\/h4>\n<p>Trener ekipe: U15, pomo\u010dnik trenerja: Baseball \u010dlani, U18, Softball \u010dlani<br>Izobrazba: Geolog.<br>Strokovni delavec v \u0161portu \u2013 trener baseballa in softballa<br>Trenersko delo opravlja \u017ee 5. leto.<br>Jaka je zanesljiv in priljubljen trener, ki z veliko predanostjo skrbi za \u0161portni in osebni razvoj mladih igralcev. Odli\u010dno se znajde tako pri vodenju kot tudi v vlogi pomo\u010dnika.<\/p>    <\/div>\n<\/div>\n<!-- \/module text -->        <\/div>\n                        <\/div>\n        <\/div>\n                        <div  data-lazy=\"1\" class=\"module_row themify_builder_row tb_p1zp228 tf_w\">\n                        <div class=\"row_inner col_align_top tb_col_count_2 tf_box tf_rel\">\n                        <div  data-lazy=\"1\" class=\"module_column tb-column col4-2 tb_lp4n228 first\">\n                    <!-- module image -->\n<div  class=\"module module-image tb_plpf228 image-center   tf_mw\" data-lazy=\"1\">\n        <div class=\"image-wrap tf_rel tf_mw\">\n            <img data-dominant-color=\"4c584a\" data-has-transparency=\"false\" style=\"--dominant-color: #4c584a;\" loading=\"lazy\" decoding=\"async\" src=\"https:\/\/bskljubljana.si\/wp-content\/uploads\/2025\/08\/Tomo-1024x1024-300x300.avif\" width=\"300\" height=\"300\" class=\"wp-post-image wp-image-440 not-transparent\" title=\"Tomo\" alt=\"Tomo\" srcset=\"https:\/\/bskljubljana.si\/wp-content\/uploads\/2025\/08\/Tomo-1024x1024-300x300.avif 300w, https:\/\/bskljubljana.si\/wp-content\/uploads\/2025\/08\/Tomo-1024x1024.avif 1024w, https:\/\/bskljubljana.si\/wp-content\/uploads\/2025\/08\/Tomo-150x150.avif 150w, https:\/\/bskljubljana.si\/wp-content\/uploads\/2025\/08\/Tomo-768x768.avif 768w, https:\/\/bskljubljana.si\/wp-content\/uploads\/2025\/08\/Tomo-1536x1536.avif 1536w, https:\/\/bskljubljana.si\/wp-content\/uploads\/2025\/08\/Tomo-12x12.avif 12w, https:\/\/bskljubljana.si\/wp-content\/uploads\/2025\/08\/Tomo.avif 1682w\" sizes=\"auto, (max-width: 300px) 100vw, 300px\" \/>    \n        <\/div>\n    <!-- \/image-wrap -->\n    \n        <\/div>\n<!-- \/module image -->        <\/div>\n                    <div  data-lazy=\"1\" class=\"module_column tb-column col4-2 tb_7okd228 last\">\n                    <!-- module text -->\n<div  class=\"module module-text tb_1lou228\" data-lazy=\"1\">\n        <div  class=\"tb_text_wrap\">\n        <h4>Tomo Zezlina<\/h4>\n<p>Trener ekipe: U15<br>Izobrazba: Elektrotehnik.<br>Strokovni delavec v \u0161portu \u2013 trener rekreacije<br>V \u0161portu dejaven \u017ee skoraj 20 let.<br>Tomo je izku\u0161en in sr\u010den trener, ki zna mladim pribli\u017eati \u0161port na zabaven in strokoven na\u010din. Njegova umirjenost in potrpe\u017eljivost sta velika vrednota na\u0161e ekipe.<\/p>    <\/div>\n<\/div>\n<!-- \/module text -->        <\/div>\n                        <\/div>\n        <\/div>\n                        <div  data-lazy=\"1\" class=\"module_row themify_builder_row tb_j76o53 tf_w\">\n                        <div class=\"row_inner col_align_top tb_col_count_2 tf_box tf_rel\">\n                        <div  data-lazy=\"1\" class=\"module_column tb-column col4-2 tb_1ehy53 first\">\n                    <!-- module image -->\n<div  class=\"module module-image tb_jhwv53 image-center   tf_mw\" data-lazy=\"1\">\n        <div class=\"image-wrap tf_rel tf_mw\">\n            <img data-dominant-color=\"575442\" data-has-transparency=\"false\" style=\"--dominant-color: #575442;\" loading=\"lazy\" decoding=\"async\" src=\"https:\/\/bskljubljana.si\/wp-content\/uploads\/2025\/08\/Borut-1024x1024-300x300.avif\" width=\"300\" height=\"300\" class=\"wp-post-image wp-image-436 not-transparent\" title=\"Borut\" alt=\"Borut\" srcset=\"https:\/\/bskljubljana.si\/wp-content\/uploads\/2025\/08\/Borut-1024x1024-300x300.avif 300w, https:\/\/bskljubljana.si\/wp-content\/uploads\/2025\/08\/Borut-1024x1024.avif 1024w, https:\/\/bskljubljana.si\/wp-content\/uploads\/2025\/08\/Borut-150x150.avif 150w, https:\/\/bskljubljana.si\/wp-content\/uploads\/2025\/08\/Borut-768x768.avif 768w, https:\/\/bskljubljana.si\/wp-content\/uploads\/2025\/08\/Borut-1536x1536.avif 1536w, https:\/\/bskljubljana.si\/wp-content\/uploads\/2025\/08\/Borut-12x12.avif 12w, https:\/\/bskljubljana.si\/wp-content\/uploads\/2025\/08\/Borut.avif 1682w\" sizes=\"auto, (max-width: 300px) 100vw, 300px\" \/>    \n        <\/div>\n    <!-- \/image-wrap -->\n    \n        <\/div>\n<!-- \/module image -->        <\/div>\n                    <div  data-lazy=\"1\" class=\"module_column tb-column col4-2 tb_nt7d53 last\">\n                    <!-- module text -->\n<div  class=\"module module-text tb_asl253\" data-lazy=\"1\">\n        <div  class=\"tb_text_wrap\">\n        <h4>Borut Stajnko<\/h4>\n<p>Pomo\u010dnik trenerja ekipe: U12<br>V vlogi trenerja \u017ee 10 let.<br>Borut je pomembna podpora najmlaj\u0161im igralcem v njihovih prvih \u0161portnih korakih. S svojo mirnostjo in zanesljivostjo ustvarja varno in spodbudno u\u010dno okolje.<\/p>    <\/div>\n<\/div>\n<!-- \/module text -->        <\/div>\n                        <\/div>\n        <\/div>\n                        <div  data-lazy=\"1\" class=\"module_row themify_builder_row tb_bxqu634 tf_w\">\n                        <div class=\"row_inner col_align_top tb_col_count_2 tf_box tf_rel\">\n                        <div  data-lazy=\"1\" class=\"module_column tb-column col4-2 tb_kv6d634 first\">\n                    <!-- module image -->\n<div  class=\"module module-image tb_l7de634 image-center   tf_mw\" data-lazy=\"1\">\n        <div class=\"image-wrap tf_rel tf_mw\">\n            <img data-dominant-color=\"656b5d\" data-has-transparency=\"false\" style=\"--dominant-color: #656b5d;\" loading=\"lazy\" decoding=\"async\" src=\"https:\/\/bskljubljana.si\/wp-content\/uploads\/2025\/08\/Matic-1024x1024-300x300.avif\" width=\"300\" height=\"300\" class=\"wp-post-image wp-image-439 not-transparent\" title=\"Matic\" alt=\"Matic\" srcset=\"https:\/\/bskljubljana.si\/wp-content\/uploads\/2025\/08\/Matic-1024x1024-300x300.avif 300w, https:\/\/bskljubljana.si\/wp-content\/uploads\/2025\/08\/Matic-1024x1024.avif 1024w, https:\/\/bskljubljana.si\/wp-content\/uploads\/2025\/08\/Matic-150x150.avif 150w, https:\/\/bskljubljana.si\/wp-content\/uploads\/2025\/08\/Matic-768x768.avif 768w, https:\/\/bskljubljana.si\/wp-content\/uploads\/2025\/08\/Matic-1536x1536.avif 1536w, https:\/\/bskljubljana.si\/wp-content\/uploads\/2025\/08\/Matic-12x12.avif 12w, https:\/\/bskljubljana.si\/wp-content\/uploads\/2025\/08\/Matic.avif 1682w\" sizes=\"auto, (max-width: 300px) 100vw, 300px\" \/>    \n        <\/div>\n    <!-- \/image-wrap -->\n    \n        <\/div>\n<!-- \/module image -->        <\/div>\n                    <div  data-lazy=\"1\" class=\"module_column tb-column col4-2 tb_enw2634 last\">\n                    <!-- module text -->\n<div  class=\"module module-text tb_8fkb634\" data-lazy=\"1\">\n        <div  class=\"tb_text_wrap\">\n        <h4>Matic Jerman<\/h4>\n<p>Pomo\u010dnik trenerja ekipe: U12<br>Trenersko delo opravlja 6 let.<br>Matic se z mladimi odli\u010dno pove\u017ee in s svojo energijo pomembno prispeva k pozitivni klubski atmosferi. Je odli\u010den motivator in zgled mlaj\u0161im igralcem.<\/p>    <\/div>\n<\/div>\n<!-- \/module text -->        <\/div>\n                        <\/div>\n        <\/div>\n        <\/div>\n<!--\/themify_builder_content-->","protected":false},"excerpt":{"rendered":"<p>TRENERJI V BSK Ljubljana verjamemo, da vrhunski \u0161portni razvoj temelji na kakovostnem in predanem trenerskem kadru. Na\u0161a ekipa zdru\u017euje dolgoletne izku\u0161nje, strokovno znanje ter ljubezen do baseballa in softballa. Skupaj ustvarjamo okolje, kjer se vsak igralec lahko razvija, raste in u\u017eiva v \u0161portu.<\/p>","protected":false},"author":1,"featured_media":0,"parent":0,"menu_order":0,"comment_status":"closed","ping_status":"closed","template":"","meta":{"footnotes":""},"class_list":["post-69","page","type-page","status-publish","hentry","has-post-title","has-post-date","has-post-category","has-post-tag","has-post-comment","has-post-author",""],"builder_content":"<h2>TRENERJI<\/h2> <p>V BSK Ljubljana verjamemo, da vrhunski \u0161portni razvoj temelji na kakovostnem in predanem trenerskem kadru. Na\u0161a ekipa zdru\u017euje dolgoletne izku\u0161nje, strokovno znanje ter ljubezen do baseballa in softballa. Skupaj ustvarjamo okolje, kjer se vsak igralec lahko razvija, raste in u\u017eiva v \u0161portu.<\/p>\n<img src=\"https:\/\/bskljubljana.si\/wp-content\/uploads\/2025\/08\/Darja-1024x1024-300x300.avif\" width=\"300\" height=\"300\" title=\"Darja\" alt=\"Darja\" srcset=\"https:\/\/bskljubljana.si\/wp-content\/uploads\/2025\/08\/Darja-1024x1024-300x300.avif 300w, https:\/\/bskljubljana.si\/wp-content\/uploads\/2025\/08\/Darja-1024x1024.avif 1024w, https:\/\/bskljubljana.si\/wp-content\/uploads\/2025\/08\/Darja-150x150.avif 150w, https:\/\/bskljubljana.si\/wp-content\/uploads\/2025\/08\/Darja-768x768.avif 768w, https:\/\/bskljubljana.si\/wp-content\/uploads\/2025\/08\/Darja-1536x1536.avif 1536w, https:\/\/bskljubljana.si\/wp-content\/uploads\/2025\/08\/Darja-12x12.avif 12w, https:\/\/bskljubljana.si\/wp-content\/uploads\/2025\/08\/Darja.avif 1682w\" sizes=\"(max-width: 300px) 100vw, 300px\" \/>\n<h4 style=\"text-align: left;\">Darja Grim\u0161i\u010d<\/h4> <p>Vodja trenerjev<br>Trenerka ekip: Baseball \u010dlani, U12, U18, Softball \u010dlani<br>Izobrazba: Dipl. ekonomistka. <br>Strokovni delavec v \u0161portu \u2013 trenerka baseballa in softballa<br>Trenersko delo opravlja neprekinjeno od leta 2005.<br>Darja je gonilna sila na\u0161ega kluba in dolgoletna vodja trenerskega kadra. Njena energija, znanje in izku\u0161nje pomembno vplivajo na razvoj vseh generacij igralcev in igralk v BSK Ljubljana.<\/p>\n<img src=\"https:\/\/bskljubljana.si\/wp-content\/uploads\/2025\/08\/Jaka-1024x1024-300x300.avif\" width=\"300\" height=\"300\" title=\"Jaka\" alt=\"Jaka\" srcset=\"https:\/\/bskljubljana.si\/wp-content\/uploads\/2025\/08\/Jaka-1024x1024-300x300.avif 300w, https:\/\/bskljubljana.si\/wp-content\/uploads\/2025\/08\/Jaka-1024x1024.avif 1024w, https:\/\/bskljubljana.si\/wp-content\/uploads\/2025\/08\/Jaka-150x150.avif 150w, https:\/\/bskljubljana.si\/wp-content\/uploads\/2025\/08\/Jaka-768x768.avif 768w, https:\/\/bskljubljana.si\/wp-content\/uploads\/2025\/08\/Jaka-1536x1536.avif 1536w, https:\/\/bskljubljana.si\/wp-content\/uploads\/2025\/08\/Jaka-12x12.avif 12w, https:\/\/bskljubljana.si\/wp-content\/uploads\/2025\/08\/Jaka.avif 1682w\" sizes=\"(max-width: 300px) 100vw, 300px\" \/>\n<h4>Jaka Veselinovi\u010d<\/h4> <p>Trener ekipe: U15, pomo\u010dnik trenerja: Baseball \u010dlani, U18, Softball \u010dlani<br>Izobrazba: Geolog.<br>Strokovni delavec v \u0161portu \u2013 trener baseballa in softballa<br>Trenersko delo opravlja \u017ee 5. leto.<br>Jaka je zanesljiv in priljubljen trener, ki z veliko predanostjo skrbi za \u0161portni in osebni razvoj mladih igralcev. Odli\u010dno se znajde tako pri vodenju kot tudi v vlogi pomo\u010dnika.<\/p>\n<img src=\"https:\/\/bskljubljana.si\/wp-content\/uploads\/2025\/08\/Tomo-1024x1024-300x300.avif\" width=\"300\" height=\"300\" title=\"Tomo\" alt=\"Tomo\" srcset=\"https:\/\/bskljubljana.si\/wp-content\/uploads\/2025\/08\/Tomo-1024x1024-300x300.avif 300w, https:\/\/bskljubljana.si\/wp-content\/uploads\/2025\/08\/Tomo-1024x1024.avif 1024w, https:\/\/bskljubljana.si\/wp-content\/uploads\/2025\/08\/Tomo-150x150.avif 150w, https:\/\/bskljubljana.si\/wp-content\/uploads\/2025\/08\/Tomo-768x768.avif 768w, https:\/\/bskljubljana.si\/wp-content\/uploads\/2025\/08\/Tomo-1536x1536.avif 1536w, https:\/\/bskljubljana.si\/wp-content\/uploads\/2025\/08\/Tomo-12x12.avif 12w, https:\/\/bskljubljana.si\/wp-content\/uploads\/2025\/08\/Tomo.avif 1682w\" sizes=\"(max-width: 300px) 100vw, 300px\" \/>\n<h4>Tomo Zezlina<\/h4> <p>Trener ekipe: U15<br>Izobrazba: Elektrotehnik.<br>Strokovni delavec v \u0161portu \u2013 trener rekreacije<br>V \u0161portu dejaven \u017ee skoraj 20 let.<br>Tomo je izku\u0161en in sr\u010den trener, ki zna mladim pribli\u017eati \u0161port na zabaven in strokoven na\u010din. Njegova umirjenost in potrpe\u017eljivost sta velika vrednota na\u0161e ekipe.<\/p>\n<img src=\"https:\/\/bskljubljana.si\/wp-content\/uploads\/2025\/08\/Borut-1024x1024-300x300.avif\" width=\"300\" height=\"300\" title=\"Borut\" alt=\"Borut\" srcset=\"https:\/\/bskljubljana.si\/wp-content\/uploads\/2025\/08\/Borut-1024x1024-300x300.avif 300w, https:\/\/bskljubljana.si\/wp-content\/uploads\/2025\/08\/Borut-1024x1024.avif 1024w, https:\/\/bskljubljana.si\/wp-content\/uploads\/2025\/08\/Borut-150x150.avif 150w, https:\/\/bskljubljana.si\/wp-content\/uploads\/2025\/08\/Borut-768x768.avif 768w, https:\/\/bskljubljana.si\/wp-content\/uploads\/2025\/08\/Borut-1536x1536.avif 1536w, https:\/\/bskljubljana.si\/wp-content\/uploads\/2025\/08\/Borut-12x12.avif 12w, https:\/\/bskljubljana.si\/wp-content\/uploads\/2025\/08\/Borut.avif 1682w\" sizes=\"(max-width: 300px) 100vw, 300px\" \/>\n<h4>Borut Stajnko<\/h4> <p>Pomo\u010dnik trenerja ekipe: U12<br>V vlogi trenerja \u017ee 10 let.<br>Borut je pomembna podpora najmlaj\u0161im igralcem v njihovih prvih \u0161portnih korakih. S svojo mirnostjo in zanesljivostjo ustvarja varno in spodbudno u\u010dno okolje.<\/p>\n<img src=\"https:\/\/bskljubljana.si\/wp-content\/uploads\/2025\/08\/Matic-1024x1024-300x300.avif\" width=\"300\" height=\"300\" title=\"Matic\" alt=\"Matic\" srcset=\"https:\/\/bskljubljana.si\/wp-content\/uploads\/2025\/08\/Matic-1024x1024-300x300.avif 300w, https:\/\/bskljubljana.si\/wp-content\/uploads\/2025\/08\/Matic-1024x1024.avif 1024w, https:\/\/bskljubljana.si\/wp-content\/uploads\/2025\/08\/Matic-150x150.avif 150w, https:\/\/bskljubljana.si\/wp-content\/uploads\/2025\/08\/Matic-768x768.avif 768w, https:\/\/bskljubljana.si\/wp-content\/uploads\/2025\/08\/Matic-1536x1536.avif 1536w, https:\/\/bskljubljana.si\/wp-content\/uploads\/2025\/08\/Matic-12x12.avif 12w, https:\/\/bskljubljana.si\/wp-content\/uploads\/2025\/08\/Matic.avif 1682w\" sizes=\"(max-width: 300px) 100vw, 300px\" \/>\n<h4>Matic Jerman<\/h4> <p>Pomo\u010dnik trenerja ekipe: U12<br>Trenersko delo opravlja 6 let.<br>Matic se z mladimi odli\u010dno pove\u017ee in s svojo energijo pomembno prispeva k pozitivni klubski atmosferi. Je odli\u010den motivator in zgled mlaj\u0161im igralcem.<\/p>","_links":{"self":[{"href":"https:\/\/bskljubljana.si\/en\/wp-json\/wp\/v2\/pages\/69","targetHints":{"allow":["GET"]}}],"collection":[{"href":"https:\/\/bskljubljana.si\/en\/wp-json\/wp\/v2\/pages"}],"about":[{"href":"https:\/\/bskljubljana.si\/en\/wp-json\/wp\/v2\/types\/page"}],"author":[{"embeddable":true,"href":"https:\/\/bskljubljana.si\/en\/wp-json\/wp\/v2\/users\/1"}],"replies":[{"embeddable":true,"href":"https:\/\/bskljubljana.si\/en\/wp-json\/wp\/v2\/comments?post=69"}],"version-history":[{"count":0,"href":"https:\/\/bskljubljana.si\/en\/wp-json\/wp\/v2\/pages\/69\/revisions"}],"wp:attachment":[{"href":"https:\/\/bskljubljana.si\/en\/wp-json\/wp\/v2\/media?parent=69"}],"curies":[{"name":"wp","href":"https:\/\/api.w.org\/{rel}","templated":true}]}}