{"id":71,"date":"2025-07-01T19:05:06","date_gmt":"2025-07-01T19:05:06","guid":{"rendered":"https:\/\/bskljubljana.si\/?page_id=71"},"modified":"2025-07-23T11:15:54","modified_gmt":"2025-07-23T09:15:54","slug":"pokrovitelji","status":"publish","type":"page","link":"https:\/\/bskljubljana.si\/en\/pokrovitelji\/","title":{"rendered":"Sponsors"},"content":{"rendered":"<!--themify_builder_content-->\n<div id=\"themify_builder_content-71\" data-postid=\"71\" class=\"themify_builder_content themify_builder_content-71 themify_builder tf_clear\">\n                    <div  data-lazy=\"1\" class=\"module_row themify_builder_row tb_g737299 tb_first tf_w\">\n                        <div class=\"row_inner col_align_top tb_col_count_1 tf_box tf_rel\">\n                        <div  data-lazy=\"1\" class=\"module_column tb-column col-full tb_86rh299 first\">\n                    <!-- module text -->\n<div  class=\"module module-text tb_epzr265\" data-lazy=\"1\">\n        <div  class=\"tb_text_wrap\">\n        <h1>Sponsors<\/h1>    <\/div>\n<\/div>\n<!-- \/module text -->        <\/div>\n                        <\/div>\n        <\/div>\n                        <div  data-lazy=\"1\" class=\"module_row themify_builder_row tb_3xhn732 tf_w\">\n                        <div class=\"row_inner col_align_top tb_col_count_1 tf_box tf_rel\">\n                        <div  data-lazy=\"1\" class=\"module_column tb-column col-full tb_eyzt732 first\">\n                            <div  data-lazy=\"1\" class=\"module_subrow themify_builder_sub_row tf_w col_align_top tb_col_count_2 tb_odty94\">\n                <div  data-lazy=\"1\" class=\"module_column sub_column col4-2 tb_7h4594 first\">\n                    <!-- module image -->\n<div  class=\"module module-image tb_j3gg276 image-top   tf_mw\" data-lazy=\"1\">\n        <div class=\"image-wrap tf_rel tf_mw\">\n            <img loading=\"lazy\" decoding=\"async\" src=\"https:\/\/bskljubljana.si\/wp-content\/uploads\/2025\/07\/SMART-GROW-logo-krog-1024x1024-258x258.png\" width=\"258\" height=\"258\" class=\"wp-post-image wp-image-108\" title=\"SMART GROW logo krog\" alt=\"SMART GROW logo krog\" srcset=\"https:\/\/bskljubljana.si\/wp-content\/uploads\/2025\/07\/SMART-GROW-logo-krog-1024x1024-258x258.png 258w, https:\/\/bskljubljana.si\/wp-content\/uploads\/2025\/07\/SMART-GROW-logo-krog-300x300.png 300w, https:\/\/bskljubljana.si\/wp-content\/uploads\/2025\/07\/SMART-GROW-logo-krog-1024x1024.png 1024w, https:\/\/bskljubljana.si\/wp-content\/uploads\/2025\/07\/SMART-GROW-logo-krog-150x150.png 150w, https:\/\/bskljubljana.si\/wp-content\/uploads\/2025\/07\/SMART-GROW-logo-krog-768x768.png 768w, https:\/\/bskljubljana.si\/wp-content\/uploads\/2025\/07\/SMART-GROW-logo-krog-1536x1536.png 1536w, https:\/\/bskljubljana.si\/wp-content\/uploads\/2025\/07\/SMART-GROW-logo-krog-2048x2048.png 2048w, https:\/\/bskljubljana.si\/wp-content\/uploads\/2025\/07\/SMART-GROW-logo-krog-1024x1024-200x200.png 200w, https:\/\/bskljubljana.si\/wp-content\/uploads\/2025\/07\/SMART-GROW-logo-krog-1024x1024-217x217.png 217w\" sizes=\"auto, (max-width: 258px) 100vw, 258px\" \/>    \n        <\/div>\n    <!-- \/image-wrap -->\n    \n        <\/div>\n<!-- \/module image -->        <\/div>\n                    <div  data-lazy=\"1\" class=\"module_column sub_column col4-2 tb_amcg95 last\">\n                    <!-- module text -->\n<div  class=\"module module-text tb_x8ob719\" data-lazy=\"1\">\n        <div  class=\"tb_text_wrap\">\n        <p><span style=\"font-weight: bold;\">Smart Grow d.o.o.<\/span> is a creative multimedia company that combines video production, photography, and printing services. Their work is based on quality, fast execution, and a strong visual identity, placing them among the leading providers in the field. As a sponsor, they support projects that promote movement, community, and positive stories. Their support is not only financial but also substantive \u2013 through the power of visual storytelling, they help spread the message and reach.<\/p>\n<p><a href=\"https:\/\/smartgrow.si\/\">https:\/\/smartgrow.si\/<\/a><\/p>\n<div class=\"notranslate\" style=\"all: initial;\">\u00a0<\/div>    <\/div>\n<\/div>\n<!-- \/module text -->        <\/div>\n                    <\/div>\n                <\/div>\n                        <\/div>\n        <\/div>\n        <\/div>\n<!--\/themify_builder_content-->","protected":false},"excerpt":{"rendered":"<p>Sponsors<\/p>","protected":false},"author":1,"featured_media":0,"parent":0,"menu_order":0,"comment_status":"closed","ping_status":"closed","template":"","meta":{"footnotes":""},"class_list":["post-71","page","type-page","status-publish","hentry","has-post-title","has-post-date","has-post-category","has-post-tag","has-post-comment","has-post-author",""],"builder_content":"<h1>Pokrovitelji<\/h1>\n<img src=\"https:\/\/bskljubljana.si\/wp-content\/uploads\/2025\/07\/SMART-GROW-logo-krog-1024x1024-258x258.png\" width=\"258\" height=\"258\" title=\"SMART GROW logo krog\" alt=\"SMART GROW logo krog\" srcset=\"https:\/\/bskljubljana.si\/wp-content\/uploads\/2025\/07\/SMART-GROW-logo-krog-1024x1024-258x258.png 258w, https:\/\/bskljubljana.si\/wp-content\/uploads\/2025\/07\/SMART-GROW-logo-krog-300x300.png 300w, https:\/\/bskljubljana.si\/wp-content\/uploads\/2025\/07\/SMART-GROW-logo-krog-1024x1024.png 1024w, https:\/\/bskljubljana.si\/wp-content\/uploads\/2025\/07\/SMART-GROW-logo-krog-150x150.png 150w, https:\/\/bskljubljana.si\/wp-content\/uploads\/2025\/07\/SMART-GROW-logo-krog-768x768.png 768w, https:\/\/bskljubljana.si\/wp-content\/uploads\/2025\/07\/SMART-GROW-logo-krog-1536x1536.png 1536w, https:\/\/bskljubljana.si\/wp-content\/uploads\/2025\/07\/SMART-GROW-logo-krog-2048x2048.png 2048w, https:\/\/bskljubljana.si\/wp-content\/uploads\/2025\/07\/SMART-GROW-logo-krog-1024x1024-200x200.png 200w, https:\/\/bskljubljana.si\/wp-content\/uploads\/2025\/07\/SMART-GROW-logo-krog-1024x1024-217x217.png 217w\" sizes=\"(max-width: 258px) 100vw, 258px\" \/>\n<p>Smart Grow d.o.o. je kreativno multimedijsko podjetje, ki zdru\u017euje storitve video produkcije, fotografije in tiska. Njihovo delo temelji na kakovosti, hitri izvedbi in mo\u010dni vizualni identiteti, kar jih postavlja ob bok vodilnim ponudnikom na tem podro\u010dju. Kot pokrovitelj podpirajo projekte, ki spodbujajo gibanje, skupnost in pozitivne zgodbe. Njihova podpora ni zgolj finan\u010dna, temve\u010d tudi vsebinska \u2013 z mo\u010djo vizualnega pripovedovanja pomagajo \u0161iriti sporo\u010dilo in doseg.<\/p> <p><a href=\"https:\/\/smartgrow.si\/\">https:\/\/smartgrow.si\/<\/a><\/p> \u00a0","_links":{"self":[{"href":"https:\/\/bskljubljana.si\/en\/wp-json\/wp\/v2\/pages\/71","targetHints":{"allow":["GET"]}}],"collection":[{"href":"https:\/\/bskljubljana.si\/en\/wp-json\/wp\/v2\/pages"}],"about":[{"href":"https:\/\/bskljubljana.si\/en\/wp-json\/wp\/v2\/types\/page"}],"author":[{"embeddable":true,"href":"https:\/\/bskljubljana.si\/en\/wp-json\/wp\/v2\/users\/1"}],"replies":[{"embeddable":true,"href":"https:\/\/bskljubljana.si\/en\/wp-json\/wp\/v2\/comments?post=71"}],"version-history":[{"count":0,"href":"https:\/\/bskljubljana.si\/en\/wp-json\/wp\/v2\/pages\/71\/revisions"}],"wp:attachment":[{"href":"https:\/\/bskljubljana.si\/en\/wp-json\/wp\/v2\/media?parent=71"}],"curies":[{"name":"wp","href":"https:\/\/api.w.org\/{rel}","templated":true}]}}