{"id":91,"date":"2025-07-01T19:10:42","date_gmt":"2025-07-01T19:10:42","guid":{"rendered":"https:\/\/bskljubljana.si\/?page_id=91"},"modified":"2025-11-05T00:02:56","modified_gmt":"2025-11-04T23:02:56","slug":"blog","status":"publish","type":"page","link":"https:\/\/bskljubljana.si\/en\/blog\/","title":{"rendered":"Blog"},"content":{"rendered":"<!--themify_builder_content-->\n<div id=\"themify_builder_content-91\" data-postid=\"91\" class=\"themify_builder_content themify_builder_content-91 themify_builder tf_clear\">\n                    <div  data-lazy=\"1\" class=\"module_row themify_builder_row tb_879r531 tb_first tf_w\">\n                        <div class=\"row_inner col_align_top tb_col_count_1 tf_box tf_rel\">\n                        <div  data-lazy=\"1\" class=\"module_column tb-column col-full tb_du8u531 first\">\n                    <!-- module text -->\n<div  class=\"module module-text tb_d8ln366\" data-lazy=\"1\">\n        <div  class=\"tb_text_wrap\">\n        <h1>BLOG<\/h1>    <\/div>\n<\/div>\n<!-- \/module text --><!-- module post -->\n<div  class=\"module module-post tb_mur6477\">\n    <div  class=\"builder-posts-wrap loops-wrapper grid2 masonry tf_rel tf_clear tf_clearfix\" data-lazy=\"1\">\n    <article id=\"post-462\" class=\"post tf_clearfix post-462 type-post status-publish format-standard has-post-thumbnail hentry category-blog has-post-title has-post-date has-post-category has-post-tag has-post-comment has-post-author\">\n\t    \n\t                <figure class=\"post-image tf_clearfix\">\n                                                            <a href=\"https:\/\/bskljubljana.si\/en\/2025\/08\/26\/nasi-igralci-v-tujini\/\">\n                                        <img data-dominant-color=\"73644c\" data-has-transparency=\"false\" style=\"--dominant-color: #73644c;\" loading=\"lazy\" decoding=\"async\" width=\"389\" height=\"218\" src=\"https:\/\/bskljubljana.si\/wp-content\/uploads\/2025\/08\/Eric-pic-4-horizontal.avif\" class=\"wp-post-image wp-image-479 not-transparent\" title=\"Eric pic 4-horizontal\" alt=\"Eric pic 4-horizontal\" srcset=\"https:\/\/bskljubljana.si\/wp-content\/uploads\/2025\/08\/Eric-pic-4-horizontal.avif 389w, https:\/\/bskljubljana.si\/wp-content\/uploads\/2025\/08\/Eric-pic-4-horizontal-300x168.avif 300w, https:\/\/bskljubljana.si\/wp-content\/uploads\/2025\/08\/Eric-pic-4-horizontal-18x10.avif 18w, https:\/\/bskljubljana.si\/wp-content\/uploads\/2025\/08\/Eric-pic-4-horizontal-535x300.avif 535w\" sizes=\"auto, (max-width: 389px) 100vw, 389px\" \/>                                                                    <\/a>\n                                                                <\/figure>\n                    \t<div class=\"post-content\">\n\t\t<div class=\"post-content-inner\">\n\n\t\t\t\t\t\t\t\t<div class=\"post-date-wrap post-date-inline\">\n\t\t<time class=\"post-date entry-date updated\" datetime=\"2025-08-26\">\n\t\t\t\t\t<span class=\"year\">August 26, 2025<\/span>\n\t\t\t\t<\/time>\n\t<\/div><!-- .post-date-wrap -->\n\t\t\t\t\n\t\t\t<h2 class=\"post-title entry-title\"><a href=\"https:\/\/bskljubljana.si\/en\/2025\/08\/26\/nasi-igralci-v-tujini\/\">Our players abroad<\/a><\/h2>\n\t\t\t\t\t\t\t<p class=\"post-meta entry-meta\">\n\t\t\t\t\t\t\t\t\t\t\t<span class=\"post-author\"><span class=\"author vcard\"><a class=\"url fn n\" href=\"https:\/\/bskljubljana.si\/en\/author\/darjag\/\" rel=\"author\">Darja Grim\u0161i\u010d<\/a><\/span><\/span>\n\t\t\t\t\t\n\t\t\t\t\t<span class=\"post-category\"><a href=\"https:\/\/bskljubljana.si\/en\/category\/blog\/\" rel=\"tag\" class=\"term-blog\">Blog<\/a><\/span>\n\t\t\t\t\t\t\t\t\t\t\t\t\t\t\t\t\n\t\t\t\t\t        <span class=\"post-comment\">\n        <a href=\"https:\/\/bskljubljana.si\/en\/2025\/08\/26\/nasi-igralci-v-tujini\/#respond\">0<\/a><svg  class=\"tf_fa tf-fas-comment\" aria-hidden=\"true\"><use href=\"#tf-fas-comment\"><\/use><\/svg>        <\/span>\n        \t\t\t\t<\/p>\n\t\t\t\t<!-- \/post-meta -->\n\t\t\t\n\t\t\t\n\t\t\t        <div class=\"entry-content\">\n\n        \n            <p>V BSK Ljubljana smo ponosni na vsakega igralca, ki je kdaj nosil na\u0161 dres, ne glede na to, ali trenira pri nas ali pa nadaljuje svojo pot drugje po svetu. Prav zato za\u010denjamo novo serijo zgodb \u201cNa\u0161i igralci v tujini\u201d, v kateri bomo predstavili na\u0161e igralce, ki danes \u017eivijo in igrajo baseball ali softball v tujini.<\/p>\n<p>Prvi v seriji je Eric, ki se je iz baseball igri\u0161\u010da v Ljubljani preselil v Kanado in tam stopa po poti profesionalnega igralca.<\/p>\n\n                \n            \n        <\/div><!-- \/.entry-content -->\n        \n\t\t<\/div>\n\t\t<!-- \/.post-content-inner -->\n\t<\/div>\n\t<!-- \/.post-content -->\n\t\n<\/article>\n<!-- \/.post -->\n<article id=\"post-155\" class=\"post tf_clearfix post-155 type-post status-publish format-standard has-post-thumbnail hentry category-blog has-post-title has-post-date has-post-category has-post-tag has-post-comment has-post-author\">\n\t    \n\t                <figure class=\"post-image tf_clearfix\">\n                                                            <a href=\"https:\/\/bskljubljana.si\/en\/2025\/07\/10\/baseball-kot-sportni-dan\/\">\n                                        <img loading=\"lazy\" decoding=\"async\" width=\"1600\" height=\"1200\" src=\"https:\/\/bskljubljana.si\/wp-content\/uploads\/2025\/07\/viber_image_2025-07-07_21-05-36-087.jpg\" class=\"wp-post-image wp-image-156\" title=\"viber_image_2025-07-07_21-05-36-087\" alt=\"viber_image_2025-07-07_21-05-36-087\" srcset=\"https:\/\/bskljubljana.si\/wp-content\/uploads\/2025\/07\/viber_image_2025-07-07_21-05-36-087.jpg 1600w, https:\/\/bskljubljana.si\/wp-content\/uploads\/2025\/07\/viber_image_2025-07-07_21-05-36-087-300x225.jpg 300w, https:\/\/bskljubljana.si\/wp-content\/uploads\/2025\/07\/viber_image_2025-07-07_21-05-36-087-1024x768.jpg 1024w, https:\/\/bskljubljana.si\/wp-content\/uploads\/2025\/07\/viber_image_2025-07-07_21-05-36-087-768x576.jpg 768w, https:\/\/bskljubljana.si\/wp-content\/uploads\/2025\/07\/viber_image_2025-07-07_21-05-36-087-1536x1152.jpg 1536w, https:\/\/bskljubljana.si\/wp-content\/uploads\/2025\/07\/viber_image_2025-07-07_21-05-36-087-1024x768-266x200.jpg 266w, https:\/\/bskljubljana.si\/wp-content\/uploads\/2025\/07\/viber_image_2025-07-07_21-05-36-087-1024x768-400x300.jpg 400w\" sizes=\"auto, (max-width: 1600px) 100vw, 1600px\" \/>                                                                    <\/a>\n                                                                <\/figure>\n                    \t<div class=\"post-content\">\n\t\t<div class=\"post-content-inner\">\n\n\t\t\t\t\t\t\t\t<div class=\"post-date-wrap post-date-inline\">\n\t\t<time class=\"post-date entry-date updated\" datetime=\"2025-07-10\">\n\t\t\t\t\t<span class=\"year\">July 10, 2025<\/span>\n\t\t\t\t<\/time>\n\t<\/div><!-- .post-date-wrap -->\n\t\t\t\t\n\t\t\t<h2 class=\"post-title entry-title\"><a href=\"https:\/\/bskljubljana.si\/en\/2025\/07\/10\/baseball-kot-sportni-dan\/\">Baseball kot \u0161portni dan<\/a><\/h2>\n\t\t\t\t\t\t\t<p class=\"post-meta entry-meta\">\n\t\t\t\t\t\t\t\t\t\t\t<span class=\"post-author\"><span class=\"author vcard\"><a class=\"url fn n\" href=\"https:\/\/bskljubljana.si\/en\/author\/atp31549\/\" rel=\"author\">BSK Ljubljana<\/a><\/span><\/span>\n\t\t\t\t\t\n\t\t\t\t\t<span class=\"post-category\"><a href=\"https:\/\/bskljubljana.si\/en\/category\/blog\/\" rel=\"tag\" class=\"term-blog\">Blog<\/a><\/span>\n\t\t\t\t\t\t\t\t\t\t\t\t\t\t\t\t\n\t\t\t\t\t        <span class=\"post-comment\">\n        <a href=\"https:\/\/bskljubljana.si\/en\/2025\/07\/10\/baseball-kot-sportni-dan\/#respond\">0<\/a><svg  class=\"tf_fa tf-fas-comment\" aria-hidden=\"true\"><use href=\"#tf-fas-comment\"><\/use><\/svg>        <\/span>\n        \t\t\t\t<\/p>\n\t\t\t\t<!-- \/post-meta -->\n\t\t\t\n\t\t\t\n\t\t\t        <div class=\"entry-content\">\n\n        \n            <p>Baseball je sve\u017ea, zabavna in vklju\u010dujo\u010da izbira za \u0161portni dan, primerna za vse starosti. Otroci razvijajo motori\u010dne spretnosti, timski duh in u\u017eivajo v \u0161portu, ki ga ve\u010dina preizkusi prvi\u010d. Baseball in Softball Klub Ljubljana poskrbi za celotno izvedbo \u2013 vi potrebujete le prostor in otroke!<\/p>\n\n                \n            \n        <\/div><!-- \/.entry-content -->\n        \n\t\t<\/div>\n\t\t<!-- \/.post-content-inner -->\n\t<\/div>\n\t<!-- \/.post-content -->\n\t\n<\/article>\n<!-- \/.post -->\n<article id=\"post-42\" class=\"post tf_clearfix post-42 type-post status-publish format-standard has-post-thumbnail hentry category-blog has-post-title has-post-date has-post-category has-post-tag has-post-comment has-post-author\">\n\t    \n\t                <figure class=\"post-image tf_clearfix\">\n                                                            <a href=\"https:\/\/bskljubljana.si\/en\/2025\/07\/01\/zakaj-je-baseball-popoln-sport-za-otroke\/\">\n                                        <img loading=\"lazy\" decoding=\"async\" width=\"1920\" height=\"1080\" src=\"https:\/\/bskljubljana.si\/wp-content\/uploads\/2025\/07\/BSKLJ-otroci.jpg\" class=\"wp-post-image wp-image-43\" title=\"BSKLJ-otroci\" alt=\"BSKLJ-otroci\" srcset=\"https:\/\/bskljubljana.si\/wp-content\/uploads\/2025\/07\/BSKLJ-otroci.jpg 1920w, https:\/\/bskljubljana.si\/wp-content\/uploads\/2025\/07\/BSKLJ-otroci-300x169.jpg 300w, https:\/\/bskljubljana.si\/wp-content\/uploads\/2025\/07\/BSKLJ-otroci-1024x576.jpg 1024w, https:\/\/bskljubljana.si\/wp-content\/uploads\/2025\/07\/BSKLJ-otroci-768x432.jpg 768w, https:\/\/bskljubljana.si\/wp-content\/uploads\/2025\/07\/BSKLJ-otroci-1536x864.jpg 1536w, https:\/\/bskljubljana.si\/wp-content\/uploads\/2025\/07\/BSKLJ-otroci-1024x576-355x200.jpg 355w, https:\/\/bskljubljana.si\/wp-content\/uploads\/2025\/07\/BSKLJ-otroci-1024x576-533x300.jpg 533w\" sizes=\"auto, (max-width: 1920px) 100vw, 1920px\" \/>                                                                    <\/a>\n                                                                <\/figure>\n                    \t<div class=\"post-content\">\n\t\t<div class=\"post-content-inner\">\n\n\t\t\t\t\t\t\t\t<div class=\"post-date-wrap post-date-inline\">\n\t\t<time class=\"post-date entry-date updated\" datetime=\"2025-07-01\">\n\t\t\t\t\t<span class=\"year\">July 1, 2025<\/span>\n\t\t\t\t<\/time>\n\t<\/div><!-- .post-date-wrap -->\n\t\t\t\t\n\t\t\t<h2 class=\"post-title entry-title\"><a href=\"https:\/\/bskljubljana.si\/en\/2025\/07\/01\/zakaj-je-baseball-popoln-sport-za-otroke\/\">Why is baseball the perfect sport for children?<\/a><\/h2>\n\t\t\t\t\t\t\t<p class=\"post-meta entry-meta\">\n\t\t\t\t\t\t\t\t\t\t\t<span class=\"post-author\"><span class=\"author vcard\"><a class=\"url fn n\" href=\"https:\/\/bskljubljana.si\/en\/author\/atp31549\/\" rel=\"author\">BSK Ljubljana<\/a><\/span><\/span>\n\t\t\t\t\t\n\t\t\t\t\t<span class=\"post-category\"><a href=\"https:\/\/bskljubljana.si\/en\/category\/blog\/\" rel=\"tag\" class=\"term-blog\">Blog<\/a><\/span>\n\t\t\t\t\t\t\t\t\t\t\t\t\t\t\t\t\n\t\t\t\t\t        <span class=\"post-comment\">\n        <a href=\"https:\/\/bskljubljana.si\/en\/2025\/07\/01\/zakaj-je-baseball-popoln-sport-za-otroke\/#respond\">0<\/a><svg  class=\"tf_fa tf-fas-comment\" aria-hidden=\"true\"><use href=\"#tf-fas-comment\"><\/use><\/svg>        <\/span>\n        \t\t\t\t<\/p>\n\t\t\t\t<!-- \/post-meta -->\n\t\t\t\n\t\t\t\n\t\t\t        <div class=\"entry-content\">\n\n        \n            <p>Ko i\u0161\u010demo pravi \u0161port za svojega otroka, pogosto najprej pomislimo na nogomet, ko\u0161arko ali gimnastiko. Vendar pa obstaja \u0161port, ki v Sloveniji \u0161e ni tako raz\u0161irjen, a otrokom ponuja izjemno prilo\u017enost za telesni, mentalni in socialni razvoj \u2013 to je baseball (in seveda tudi softball).Ve\u010d kot le metanje in udarjanje \u017eogiceNa prvi pogled se morda [&hellip;]<\/p>\n\n                \n            \n        <\/div><!-- \/.entry-content -->\n        \n\t\t<\/div>\n\t\t<!-- \/.post-content-inner -->\n\t<\/div>\n\t<!-- \/.post-content -->\n\t\n<\/article>\n<!-- \/.post -->\n    <\/div><!-- .builder-posts-wrap -->\n            <\/div>\n<!-- \/module post -->\n            <\/div>\n                        <\/div>\n        <\/div>\n                        <div  data-lazy=\"1\" class=\"module_row themify_builder_row tb_e57x341 tf_w\">\n                        <div class=\"row_inner col_align_top tb_col_count_1 tf_box tf_rel\">\n                        <div  data-lazy=\"1\" class=\"module_column tb-column col-full tb_9l15342 first\">\n                    <!-- module contact -->\n<div  id=\"tb_39wu932\" class=\"module module-contact tb_39wu932 contact-animated-label\" data-lazy=\"1\">\n    <h3 class=\"module-title\">Kontaktirajte nas<\/h3>\n\t<form class=\"builder-contact\"\n\t\tid=\"tb_39wu932-form\"\n\t\tmethod=\"post\"\n\t\tdata-post-id=\"91\"\n\t\tdata-element-id=\"39wu932\"\n\t\tdata-orig-id=\"91\" action=\"\"\n\t>\n    <div class=\"contact-message\"><\/div>\n\t<div class=\"builder-contact-fields tf_rel\">\n\t\t    \t\t    <div class=\"builder-contact-field builder-contact-field-name builder-contact-text-field\">\n\t\t\t    <label class=\"control-label\" for=\"tb_39wu932-contact-name\">\n\t\t\t\t\t\t\t\t\t\t<span class=\"tb-label-span\">Name <\/span><span class=\"required\">*<\/span>\t\t\t\t<\/label>\n\t\t\t    <div class=\"control-input tf_rel\">\n\t\t\t\t    \t\t\t\t\t    <input type=\"text\" name=\"contact-name\" placeholder=\" \" id=\"tb_39wu932-contact-name\" value=\"\" class=\"form-control\" required>\n\t\t\t\t    \t\t\t\t    \t\t\t\t\t    <span class=\"tb_contact_label\">\n\t\t\t\t\t\t    <span class=\"tb-label-span\">Name <\/span><span class=\"required\">*<\/span>\t\t\t\t\t    <\/span>\n\t\t\t\t    \t\t\t    <\/div>\n\t\t<\/div>\n\t    \n\t\t    \t\t    <div class=\"builder-contact-field builder-contact-field-email builder-contact-text-field\">\n\t\t\t    <label class=\"control-label\" for=\"tb_39wu932-contact-email\">\n\t\t\t\t\t\t\t\t\t\t<span class=\"tb-label-span\">E-mail <\/span><span class=\"required\">*<\/span>\t\t\t\t<\/label>\n\t\t\t    <div class=\"control-input tf_rel\">\n\t\t\t\t    \t\t\t\t\t    <input type=\"email\" name=\"contact-email\" placeholder=\" \" id=\"tb_39wu932-contact-email\" value=\"\" class=\"form-control\" required>\n\t\t\t\t    \t\t\t\t    \t\t\t\t\t    <span class=\"tb_contact_label\">\n\t\t\t\t\t\t    <span class=\"tb-label-span\">E-mail <\/span><span class=\"required\">*<\/span>\t\t\t\t\t    <\/span>\n\t\t\t\t    \t\t\t    <\/div>\n\t\t<\/div>\n\t    \n\t\t    \t\t    <div class=\"builder-contact-field builder-contact-field-subject builder-contact-text-field\">\n\t\t\t    <label class=\"control-label\" for=\"tb_39wu932-contact-subject\">\n\t\t\t\t\t\t\t\t\t\t<span class=\"tb-label-span\">Subject <\/span><span class=\"required\">*<\/span>\t\t\t\t<\/label>\n\t\t\t    <div class=\"control-input tf_rel\">\n\t\t\t\t    \t\t\t\t\t    <input type=\"text\" name=\"contact-subject\" placeholder=\" \" id=\"tb_39wu932-contact-subject\" value=\"\" class=\"form-control\" required>\n\t\t\t\t    \t\t\t\t    \t\t\t\t\t    <span class=\"tb_contact_label\">\n\t\t\t\t\t\t    <span class=\"tb-label-span\">Subject <\/span><span class=\"required\">*<\/span>\t\t\t\t\t    <\/span>\n\t\t\t\t    \t\t\t    <\/div>\n\t\t<\/div>\n\t    \n\t\t    \t\t    <div class=\"builder-contact-field builder-contact-field-message builder-contact-textarea-field\">\n\t\t\t    <label class=\"control-label\" for=\"tb_39wu932-contact-message\">\n\t\t\t\t\t\t\t\t\t\t<span class=\"tb-label-span\">Message <\/span>\t\t\t\t<\/label>\n\t\t\t    <div class=\"control-input tf_rel\">\n\t\t\t\t    \t\t\t\t\t    <textarea name=\"contact-message\" placeholder=\" \" id=\"tb_39wu932-contact-message\" class=\"form-control\"><\/textarea>\n\t\t\t\t    \t\t\t\t    \t\t\t\t\t    <span class=\"tb_contact_label\">\n\t\t\t\t\t\t    <span class=\"tb-label-span\">Message <\/span>\t\t\t\t\t    <\/span>\n\t\t\t\t    \t\t\t    <\/div>\n\t\t<\/div>\n\t    \n\t\t    \t\t\n\t\t\n\t    \n\t    <div class=\"builder-contact-field builder-contact-field-send control-input tf_textl tf_clear tf_rel\">\n\t\t\t<button type=\"submit\" class=\"btn btn-primary\">\n\t\t\t\t<span class=\"tf_loader\"><\/span>\t\t\t\t<span class=\"tf_submit_icon\"><svg  class=\"tf_fa tf-ti-email\" aria-hidden=\"true\"><use href=\"#tf-ti-email\"><\/use><\/svg><\/span> \n\t\t\t\tSend\t\t\t<\/button>\n\t    <\/div>\n\t<\/div>\n    <input type=\"hidden\" name=\"trp-form-language\" value=\"en\"\/><\/form>\n    <\/div>\n<!-- \/module contact -->\n        <\/div>\n                        <\/div>\n        <\/div>\n        <\/div>\n<!--\/themify_builder_content-->\n\n\n<p><\/p>","protected":false},"excerpt":{"rendered":"","protected":false},"author":1,"featured_media":0,"parent":0,"menu_order":0,"comment_status":"closed","ping_status":"closed","template":"","meta":{"footnotes":""},"class_list":["post-91","page","type-page","status-publish","hentry","has-post-title","has-post-date","has-post-category","has-post-tag","has-post-comment","has-post-author",""],"builder_content":"<h1>BLOG<\/h1>\n<h3>Kontaktirajte nas<\/h3> <form id=\"tb_39wu932-form\" method=\"post\" data-post-id=\"0\" data-element-id=\"39wu932\" data-orig-id=\"91\" > <label for=\"tb_39wu932-contact-name\"> Ime * <\/label> <input type=\"text\" name=\"contact-name\" placeholder=\" \" id=\"tb_39wu932-contact-name\" value=\"\" required> Ime * <label for=\"tb_39wu932-contact-email\"> E-mail * <\/label> <input type=\"email\" name=\"contact-email\" placeholder=\" \" id=\"tb_39wu932-contact-email\" value=\"\" required> E-mail * <label for=\"tb_39wu932-contact-subject\"> Zadeva * <\/label> <input type=\"text\" name=\"contact-subject\" placeholder=\" \" id=\"tb_39wu932-contact-subject\" value=\"\" required> Zadeva * <label for=\"tb_39wu932-contact-message\"> Sporo\u010dilo <\/label> <textarea name=\"contact-message\" placeholder=\" \" id=\"tb_39wu932-contact-message\"><\/textarea> Sporo\u010dilo <button type=\"submit\"> <svg aria-hidden=\"true\"><use href=\"#tf-ti-email\"><\/use><\/svg> Po\u0161lji <\/button> <\/form>","_links":{"self":[{"href":"https:\/\/bskljubljana.si\/en\/wp-json\/wp\/v2\/pages\/91","targetHints":{"allow":["GET"]}}],"collection":[{"href":"https:\/\/bskljubljana.si\/en\/wp-json\/wp\/v2\/pages"}],"about":[{"href":"https:\/\/bskljubljana.si\/en\/wp-json\/wp\/v2\/types\/page"}],"author":[{"embeddable":true,"href":"https:\/\/bskljubljana.si\/en\/wp-json\/wp\/v2\/users\/1"}],"replies":[{"embeddable":true,"href":"https:\/\/bskljubljana.si\/en\/wp-json\/wp\/v2\/comments?post=91"}],"version-history":[{"count":0,"href":"https:\/\/bskljubljana.si\/en\/wp-json\/wp\/v2\/pages\/91\/revisions"}],"wp:attachment":[{"href":"https:\/\/bskljubljana.si\/en\/wp-json\/wp\/v2\/media?parent=91"}],"curies":[{"name":"wp","href":"https:\/\/api.w.org\/{rel}","templated":true}]}}